{"id":34,"date":"2022-12-13T13:30:23","date_gmt":"2022-12-13T13:30:23","guid":{"rendered":"https:\/\/bekaspusztavadaszhaz.hu\/?page_id=34"},"modified":"2026-02-27T20:05:41","modified_gmt":"2026-02-27T20:05:41","slug":"szallas-es-etterem","status":"publish","type":"page","link":"https:\/\/bekaspusztavadaszhaz.hu\/en\/szallas-es-etterem\/","title":{"rendered":"ACCOMODATION AND RESTAURANT"},"content":{"rendered":"<div data-elementor-type=\"wp-page\" data-elementor-id=\"34\" class=\"elementor elementor-34\">\n\t\t\t\t\t\t\t\t\t<section class=\"elementor-section elementor-top-section elementor-element elementor-element-62fcfcc elementor-section-height-min-height elementor-section-boxed elementor-section-height-default elementor-section-items-middle\" data-id=\"62fcfcc\" data-element_type=\"section\" data-settings=\"{&quot;background_background&quot;:&quot;classic&quot;}\">\n\t\t\t\t\t\t\t<div class=\"elementor-background-overlay\"><\/div>\n\t\t\t\t\t\t\t<div class=\"elementor-container elementor-column-gap-default\">\n\t\t\t\t\t<div class=\"elementor-column elementor-col-100 elementor-top-column elementor-element elementor-element-0d3aee2\" data-id=\"0d3aee2\" data-element_type=\"column\">\n\t\t\t<div class=\"elementor-widget-wrap elementor-element-populated\">\n\t\t\t\t\t\t\t\t<section class=\"elementor-section elementor-inner-section elementor-element elementor-element-2fd1747 elementor-section-boxed elementor-section-height-default elementor-section-height-default\" data-id=\"2fd1747\" data-element_type=\"section\">\n\t\t\t\t\t\t<div class=\"elementor-container elementor-column-gap-default\">\n\t\t\t\t\t<div class=\"elementor-column elementor-col-50 elementor-inner-column elementor-element elementor-element-08bcb9b\" data-id=\"08bcb9b\" data-element_type=\"column\">\n\t\t\t<div class=\"elementor-widget-wrap elementor-element-populated\">\n\t\t\t\t\t\t\t\t<div class=\"elementor-element elementor-element-a487f6d elementor-widget-divider--view-line elementor-widget elementor-widget-divider\" data-id=\"a487f6d\" data-element_type=\"widget\" data-widget_type=\"divider.default\">\n\t\t\t\t<div class=\"elementor-widget-container\">\n\t\t\t<style>\/*! elementor - v3.16.0 - 09-10-2023 *\/\n.elementor-widget-divider{--divider-border-style:none;--divider-border-width:1px;--divider-color:#0c0d0e;--divider-icon-size:20px;--divider-element-spacing:10px;--divider-pattern-height:24px;--divider-pattern-size:20px;--divider-pattern-url:none;--divider-pattern-repeat:repeat-x}.elementor-widget-divider .elementor-divider{display:flex}.elementor-widget-divider .elementor-divider__text{font-size:15px;line-height:1;max-width:95%}.elementor-widget-divider .elementor-divider__element{margin:0 var(--divider-element-spacing);flex-shrink:0}.elementor-widget-divider .elementor-icon{font-size:var(--divider-icon-size)}.elementor-widget-divider .elementor-divider-separator{display:flex;margin:0;direction:ltr}.elementor-widget-divider--view-line_icon .elementor-divider-separator,.elementor-widget-divider--view-line_text .elementor-divider-separator{align-items:center}.elementor-widget-divider--view-line_icon .elementor-divider-separator:after,.elementor-widget-divider--view-line_icon .elementor-divider-separator:before,.elementor-widget-divider--view-line_text .elementor-divider-separator:after,.elementor-widget-divider--view-line_text .elementor-divider-separator:before{display:block;content:\"\";border-bottom:0;flex-grow:1;border-top:var(--divider-border-width) var(--divider-border-style) var(--divider-color)}.elementor-widget-divider--element-align-left .elementor-divider .elementor-divider-separator>.elementor-divider__svg:first-of-type{flex-grow:0;flex-shrink:100}.elementor-widget-divider--element-align-left .elementor-divider-separator:before{content:none}.elementor-widget-divider--element-align-left .elementor-divider__element{margin-left:0}.elementor-widget-divider--element-align-right .elementor-divider .elementor-divider-separator>.elementor-divider__svg:last-of-type{flex-grow:0;flex-shrink:100}.elementor-widget-divider--element-align-right .elementor-divider-separator:after{content:none}.elementor-widget-divider--element-align-right .elementor-divider__element{margin-right:0}.elementor-widget-divider:not(.elementor-widget-divider--view-line_text):not(.elementor-widget-divider--view-line_icon) .elementor-divider-separator{border-top:var(--divider-border-width) var(--divider-border-style) var(--divider-color)}.elementor-widget-divider--separator-type-pattern{--divider-border-style:none}.elementor-widget-divider--separator-type-pattern.elementor-widget-divider--view-line .elementor-divider-separator,.elementor-widget-divider--separator-type-pattern:not(.elementor-widget-divider--view-line) .elementor-divider-separator:after,.elementor-widget-divider--separator-type-pattern:not(.elementor-widget-divider--view-line) .elementor-divider-separator:before,.elementor-widget-divider--separator-type-pattern:not([class*=elementor-widget-divider--view]) .elementor-divider-separator{width:100%;min-height:var(--divider-pattern-height);-webkit-mask-size:var(--divider-pattern-size) 100%;mask-size:var(--divider-pattern-size) 100%;-webkit-mask-repeat:var(--divider-pattern-repeat);mask-repeat:var(--divider-pattern-repeat);background-color:var(--divider-color);-webkit-mask-image:var(--divider-pattern-url);mask-image:var(--divider-pattern-url)}.elementor-widget-divider--no-spacing{--divider-pattern-size:auto}.elementor-widget-divider--bg-round{--divider-pattern-repeat:round}.rtl .elementor-widget-divider .elementor-divider__text{direction:rtl}.e-con-inner>.elementor-widget-divider,.e-con>.elementor-widget-divider{width:var(--container-widget-width,100%);--flex-grow:var(--container-widget-flex-grow)}<\/style>\t\t<div class=\"elementor-divider\">\n\t\t\t<span class=\"elementor-divider-separator\">\n\t\t\t\t\t\t<\/span>\n\t\t<\/div>\n\t\t\t\t<\/div>\n\t\t\t\t<\/div>\n\t\t\t\t<div class=\"elementor-element elementor-element-5fe335e elementor-widget elementor-widget-heading\" data-id=\"5fe335e\" data-element_type=\"widget\" data-widget_type=\"heading.default\">\n\t\t\t\t<div class=\"elementor-widget-container\">\n\t\t\t<style>\/*! elementor - v3.16.0 - 09-10-2023 *\/\n.elementor-heading-title{padding:0;margin:0;line-height:1}.elementor-widget-heading .elementor-heading-title[class*=elementor-size-]>a{color:inherit;font-size:inherit;line-height:inherit}.elementor-widget-heading .elementor-heading-title.elementor-size-small{font-size:15px}.elementor-widget-heading .elementor-heading-title.elementor-size-medium{font-size:19px}.elementor-widget-heading .elementor-heading-title.elementor-size-large{font-size:29px}.elementor-widget-heading .elementor-heading-title.elementor-size-xl{font-size:39px}.elementor-widget-heading .elementor-heading-title.elementor-size-xxl{font-size:59px}<\/style><h2 class=\"elementor-heading-title elementor-size-default\">Accommodation<\/h2>\t\t<\/div>\n\t\t\t\t<\/div>\n\t\t\t\t<div class=\"elementor-element elementor-element-44da077 elementor-widget elementor-widget-text-editor\" data-id=\"44da077\" data-element_type=\"widget\" data-widget_type=\"text-editor.default\">\n\t\t\t\t<div class=\"elementor-widget-container\">\n\t\t\t<style>\/*! elementor - v3.16.0 - 09-10-2023 *\/\n.elementor-widget-text-editor.elementor-drop-cap-view-stacked .elementor-drop-cap{background-color:#69727d;color:#fff}.elementor-widget-text-editor.elementor-drop-cap-view-framed .elementor-drop-cap{color:#69727d;border:3px solid;background-color:transparent}.elementor-widget-text-editor:not(.elementor-drop-cap-view-default) .elementor-drop-cap{margin-top:8px}.elementor-widget-text-editor:not(.elementor-drop-cap-view-default) .elementor-drop-cap-letter{width:1em;height:1em}.elementor-widget-text-editor .elementor-drop-cap{float:left;text-align:center;line-height:1;font-size:50px}.elementor-widget-text-editor .elementor-drop-cap-letter{display:inline-block}<\/style>\t\t\t\t<p><strong>Hunting Lodge in B\u00e9k\u00e1spuszta<\/strong><\/p><p class=\" translation-block\">Our first-class, hotel-standard Hunting Lodge is located in a demandingly maintained, thirteen-\nhectare park, in a quiet, peaceful environment.\nThe Hunting Lodge, which is excellent for relaxation and recreation, has 4 single rooms and 9 cozily\nfurnished double rooms available for our guests.<\/p><p>Our rooms are equipped with a minibar, TV, safe, air conditioning and free Internet. Comfortable and\ncozy drawing-rooms serve the comfort of our guests.<\/p>\t\t\t\t\t\t<\/div>\n\t\t\t\t<\/div>\n\t\t\t\t<div class=\"elementor-element elementor-element-e4e3eff elementor-widget elementor-widget-button\" data-id=\"e4e3eff\" data-element_type=\"widget\" data-widget_type=\"button.default\">\n\t\t\t\t<div class=\"elementor-widget-container\">\n\t\t\t\t\t<div class=\"elementor-button-wrapper\">\n\t\t\t<a class=\"elementor-button elementor-button-link elementor-size-sm\" href=\"https:\/\/bekaspusztavadaszhaz.hu\/en\/szallas-es-etkezes\/\">\n\t\t\t\t\t\t<span class=\"elementor-button-content-wrapper\">\n\t\t\t\t\t\t<span class=\"elementor-button-text\">PRICE LIST<\/span>\n\t\t<\/span>\n\t\t\t\t\t<\/a>\n\t\t<\/div>\n\t\t\t\t<\/div>\n\t\t\t\t<\/div>\n\t\t\t\t\t<\/div>\n\t\t<\/div>\n\t\t\t\t<div class=\"elementor-column elementor-col-50 elementor-inner-column elementor-element elementor-element-af1b041\" data-id=\"af1b041\" data-element_type=\"column\">\n\t\t\t<div class=\"elementor-widget-wrap elementor-element-populated\">\n\t\t\t\t\t\t\t\t<div class=\"elementor-element elementor-element-b000792 elementor-widget elementor-widget-image\" data-id=\"b000792\" data-element_type=\"widget\" data-widget_type=\"image.default\">\n\t\t\t\t<div class=\"elementor-widget-container\">\n\t\t\t<style>\/*! elementor - v3.16.0 - 09-10-2023 *\/\n.elementor-widget-image{text-align:center}.elementor-widget-image a{display:inline-block}.elementor-widget-image a img[src$=\".svg\"]{width:48px}.elementor-widget-image img{vertical-align:middle;display:inline-block}<\/style>\t\t\t\t\t\t\t\t\t\t\t\t<img loading=\"lazy\" decoding=\"async\" width=\"413\" height=\"255\" src=\"https:\/\/bekaspusztavadaszhaz.hu\/wp-content\/uploads\/2022\/12\/szallas1kep.webp\" class=\"attachment-large size-large wp-image-348\" alt=\"\" srcset=\"https:\/\/bekaspusztavadaszhaz.hu\/wp-content\/uploads\/2022\/12\/szallas1kep.webp 413w, https:\/\/bekaspusztavadaszhaz.hu\/wp-content\/uploads\/2022\/12\/szallas1kep-300x185.webp 300w\" sizes=\"auto, (max-width: 413px) 100vw, 413px\" \/>\t\t\t\t\t\t\t\t\t\t\t\t\t\t\t<\/div>\n\t\t\t\t<\/div>\n\t\t\t\t<div class=\"elementor-element elementor-element-c123177 elementor-widget elementor-widget-image\" data-id=\"c123177\" data-element_type=\"widget\" data-widget_type=\"image.default\">\n\t\t\t\t<div class=\"elementor-widget-container\">\n\t\t\t\t\t\t\t\t\t\t\t\t\t\t\t<img loading=\"lazy\" decoding=\"async\" width=\"413\" height=\"255\" src=\"https:\/\/bekaspusztavadaszhaz.hu\/wp-content\/uploads\/2022\/12\/szallas2kep.webp\" class=\"attachment-large size-large wp-image-349\" alt=\"\" srcset=\"https:\/\/bekaspusztavadaszhaz.hu\/wp-content\/uploads\/2022\/12\/szallas2kep.webp 413w, https:\/\/bekaspusztavadaszhaz.hu\/wp-content\/uploads\/2022\/12\/szallas2kep-300x185.webp 300w\" sizes=\"auto, (max-width: 413px) 100vw, 413px\" \/>\t\t\t\t\t\t\t\t\t\t\t\t\t\t\t<\/div>\n\t\t\t\t<\/div>\n\t\t\t\t\t<\/div>\n\t\t<\/div>\n\t\t\t\t\t\t\t<\/div>\n\t\t<\/section>\n\t\t\t\t\t<\/div>\n\t\t<\/div>\n\t\t\t\t\t\t\t<\/div>\n\t\t<\/section>\n\t\t\t\t<section class=\"elementor-section elementor-top-section elementor-element elementor-element-76214fd elementor-section-height-min-height elementor-section-boxed elementor-section-height-default elementor-section-items-middle\" data-id=\"76214fd\" data-element_type=\"section\">\n\t\t\t\t\t\t<div class=\"elementor-container elementor-column-gap-default\">\n\t\t\t\t\t<div class=\"elementor-column elementor-col-100 elementor-top-column elementor-element elementor-element-baff7d2\" data-id=\"baff7d2\" data-element_type=\"column\">\n\t\t\t<div class=\"elementor-widget-wrap elementor-element-populated\">\n\t\t\t\t\t\t\t\t<section class=\"elementor-section elementor-inner-section elementor-element elementor-element-3d7c978 elementor-section-boxed elementor-section-height-default elementor-section-height-default\" data-id=\"3d7c978\" data-element_type=\"section\">\n\t\t\t\t\t\t<div class=\"elementor-container elementor-column-gap-default\">\n\t\t\t\t\t<div class=\"elementor-column elementor-col-100 elementor-inner-column elementor-element elementor-element-962ecf6\" data-id=\"962ecf6\" data-element_type=\"column\">\n\t\t\t<div class=\"elementor-widget-wrap elementor-element-populated\">\n\t\t\t\t\t\t\t\t<div class=\"elementor-element elementor-element-ec347c4 elementor-widget-divider--view-line elementor-widget elementor-widget-divider\" data-id=\"ec347c4\" data-element_type=\"widget\" data-widget_type=\"divider.default\">\n\t\t\t\t<div class=\"elementor-widget-container\">\n\t\t\t\t\t<div class=\"elementor-divider\">\n\t\t\t<span class=\"elementor-divider-separator\">\n\t\t\t\t\t\t<\/span>\n\t\t<\/div>\n\t\t\t\t<\/div>\n\t\t\t\t<\/div>\n\t\t\t\t<div class=\"elementor-element elementor-element-6321cf9 elementor-widget elementor-widget-heading\" data-id=\"6321cf9\" data-element_type=\"widget\" data-widget_type=\"heading.default\">\n\t\t\t\t<div class=\"elementor-widget-container\">\n\t\t\t<h2 class=\"elementor-heading-title elementor-size-default\">Restaurant<\/h2>\t\t<\/div>\n\t\t\t\t<\/div>\n\t\t\t\t<div class=\"elementor-element elementor-element-4463312 elementor-widget elementor-widget-text-editor\" data-id=\"4463312\" data-element_type=\"widget\" data-widget_type=\"text-editor.default\">\n\t\t\t\t<div class=\"elementor-widget-container\">\n\t\t\t\t\t\t\t<p class=\" translation-block\">Our restaurant offers game specialities, home-made Hungarian and Swabian dishes, as well as dishes\nprepared according to individual taste, family hospitality and demanding service. The dishes are\naccompanied by award-winning wines from our Vill\u00e1ny winery.<\/p>\t\t\t\t\t\t<\/div>\n\t\t\t\t<\/div>\n\t\t\t\t\t<\/div>\n\t\t<\/div>\n\t\t\t\t\t\t\t<\/div>\n\t\t<\/section>\n\t\t\t\t<section class=\"elementor-section elementor-inner-section elementor-element elementor-element-4c18473 elementor-section-boxed elementor-section-height-default elementor-section-height-default\" data-id=\"4c18473\" data-element_type=\"section\">\n\t\t\t\t\t\t<div class=\"elementor-container elementor-column-gap-default\">\n\t\t\t\t\t<div class=\"elementor-column elementor-col-33 elementor-inner-column elementor-element elementor-element-7584a7c\" data-id=\"7584a7c\" data-element_type=\"column\">\n\t\t\t<div class=\"elementor-widget-wrap elementor-element-populated\">\n\t\t\t\t\t\t\t\t<div class=\"elementor-element elementor-element-f1c356e elementor-widget elementor-widget-image\" data-id=\"f1c356e\" data-element_type=\"widget\" data-widget_type=\"image.default\">\n\t\t\t\t<div class=\"elementor-widget-container\">\n\t\t\t\t\t\t\t\t\t\t\t\t\t\t\t<img loading=\"lazy\" decoding=\"async\" width=\"1536\" height=\"1280\" src=\"https:\/\/bekaspusztavadaszhaz.hu\/wp-content\/uploads\/2025\/03\/6.jpg\" class=\"attachment-full size-full wp-image-1837\" alt=\"\" srcset=\"https:\/\/bekaspusztavadaszhaz.hu\/wp-content\/uploads\/2025\/03\/6.jpg 1536w, https:\/\/bekaspusztavadaszhaz.hu\/wp-content\/uploads\/2025\/03\/6-300x250.jpg 300w, https:\/\/bekaspusztavadaszhaz.hu\/wp-content\/uploads\/2025\/03\/6-1024x853.jpg 1024w, https:\/\/bekaspusztavadaszhaz.hu\/wp-content\/uploads\/2025\/03\/6-768x640.jpg 768w, https:\/\/bekaspusztavadaszhaz.hu\/wp-content\/uploads\/2025\/03\/6-14x12.jpg 14w\" sizes=\"auto, (max-width: 1536px) 100vw, 1536px\" \/>\t\t\t\t\t\t\t\t\t\t\t\t\t\t\t<\/div>\n\t\t\t\t<\/div>\n\t\t\t\t<div class=\"elementor-element elementor-element-5d40500 elementor-widget elementor-widget-image\" data-id=\"5d40500\" data-element_type=\"widget\" data-widget_type=\"image.default\">\n\t\t\t\t<div class=\"elementor-widget-container\">\n\t\t\t\t\t\t\t\t\t\t\t\t\t\t\t<img loading=\"lazy\" decoding=\"async\" width=\"768\" height=\"1024\" src=\"https:\/\/bekaspusztavadaszhaz.hu\/wp-content\/uploads\/2025\/03\/4-768x1024.jpeg\" class=\"attachment-large size-large wp-image-1835\" alt=\"\" srcset=\"https:\/\/bekaspusztavadaszhaz.hu\/wp-content\/uploads\/2025\/03\/4-768x1024.jpeg 768w, https:\/\/bekaspusztavadaszhaz.hu\/wp-content\/uploads\/2025\/03\/4-225x300.jpeg 225w, https:\/\/bekaspusztavadaszhaz.hu\/wp-content\/uploads\/2025\/03\/4-1152x1536.jpeg 1152w, https:\/\/bekaspusztavadaszhaz.hu\/wp-content\/uploads\/2025\/03\/4-9x12.jpeg 9w, https:\/\/bekaspusztavadaszhaz.hu\/wp-content\/uploads\/2025\/03\/4.jpeg 1536w\" sizes=\"auto, (max-width: 768px) 100vw, 768px\" \/>\t\t\t\t\t\t\t\t\t\t\t\t\t\t\t<\/div>\n\t\t\t\t<\/div>\n\t\t\t\t\t<\/div>\n\t\t<\/div>\n\t\t\t\t<div class=\"elementor-column elementor-col-33 elementor-inner-column elementor-element elementor-element-33439c5\" data-id=\"33439c5\" data-element_type=\"column\">\n\t\t\t<div class=\"elementor-widget-wrap elementor-element-populated\">\n\t\t\t\t\t\t\t\t<div class=\"elementor-element elementor-element-98d76e8 elementor-widget elementor-widget-image\" data-id=\"98d76e8\" data-element_type=\"widget\" data-widget_type=\"image.default\">\n\t\t\t\t<div class=\"elementor-widget-container\">\n\t\t\t\t\t\t\t\t\t\t\t\t\t\t\t<img loading=\"lazy\" decoding=\"async\" width=\"1536\" height=\"2048\" src=\"https:\/\/bekaspusztavadaszhaz.hu\/wp-content\/uploads\/2025\/03\/2.jpeg\" class=\"attachment-full size-full wp-image-1833\" alt=\"\" srcset=\"https:\/\/bekaspusztavadaszhaz.hu\/wp-content\/uploads\/2025\/03\/2.jpeg 1536w, https:\/\/bekaspusztavadaszhaz.hu\/wp-content\/uploads\/2025\/03\/2-225x300.jpeg 225w, https:\/\/bekaspusztavadaszhaz.hu\/wp-content\/uploads\/2025\/03\/2-768x1024.jpeg 768w, https:\/\/bekaspusztavadaszhaz.hu\/wp-content\/uploads\/2025\/03\/2-1152x1536.jpeg 1152w, https:\/\/bekaspusztavadaszhaz.hu\/wp-content\/uploads\/2025\/03\/2-9x12.jpeg 9w\" sizes=\"auto, (max-width: 1536px) 100vw, 1536px\" \/>\t\t\t\t\t\t\t\t\t\t\t\t\t\t\t<\/div>\n\t\t\t\t<\/div>\n\t\t\t\t<div class=\"elementor-element elementor-element-88764da elementor-widget elementor-widget-image\" data-id=\"88764da\" data-element_type=\"widget\" data-widget_type=\"image.default\">\n\t\t\t\t<div class=\"elementor-widget-container\">\n\t\t\t\t\t\t\t\t\t\t\t\t\t\t\t<img loading=\"lazy\" decoding=\"async\" width=\"800\" height=\"791\" src=\"https:\/\/bekaspusztavadaszhaz.hu\/wp-content\/uploads\/2025\/03\/5-1024x1013.jpg\" class=\"attachment-large size-large wp-image-1836\" alt=\"\" srcset=\"https:\/\/bekaspusztavadaszhaz.hu\/wp-content\/uploads\/2025\/03\/5-1024x1013.jpg 1024w, https:\/\/bekaspusztavadaszhaz.hu\/wp-content\/uploads\/2025\/03\/5-300x297.jpg 300w, https:\/\/bekaspusztavadaszhaz.hu\/wp-content\/uploads\/2025\/03\/5-768x760.jpg 768w, https:\/\/bekaspusztavadaszhaz.hu\/wp-content\/uploads\/2025\/03\/5-12x12.jpg 12w, https:\/\/bekaspusztavadaszhaz.hu\/wp-content\/uploads\/2025\/03\/5.jpg 1536w\" sizes=\"auto, (max-width: 800px) 100vw, 800px\" \/>\t\t\t\t\t\t\t\t\t\t\t\t\t\t\t<\/div>\n\t\t\t\t<\/div>\n\t\t\t\t\t<\/div>\n\t\t<\/div>\n\t\t\t\t<div class=\"elementor-column elementor-col-33 elementor-inner-column elementor-element elementor-element-105c86f\" data-id=\"105c86f\" data-element_type=\"column\">\n\t\t\t<div class=\"elementor-widget-wrap elementor-element-populated\">\n\t\t\t\t\t\t\t\t<div class=\"elementor-element elementor-element-87acd8d elementor-widget elementor-widget-image\" data-id=\"87acd8d\" data-element_type=\"widget\" data-widget_type=\"image.default\">\n\t\t\t\t<div class=\"elementor-widget-container\">\n\t\t\t\t\t\t\t\t\t\t\t\t\t\t\t<img loading=\"lazy\" decoding=\"async\" width=\"1536\" height=\"1511\" src=\"https:\/\/bekaspusztavadaszhaz.hu\/wp-content\/uploads\/2025\/03\/3.jpeg\" class=\"attachment-full size-full wp-image-1834\" alt=\"\" srcset=\"https:\/\/bekaspusztavadaszhaz.hu\/wp-content\/uploads\/2025\/03\/3.jpeg 1536w, https:\/\/bekaspusztavadaszhaz.hu\/wp-content\/uploads\/2025\/03\/3-300x295.jpeg 300w, https:\/\/bekaspusztavadaszhaz.hu\/wp-content\/uploads\/2025\/03\/3-1024x1007.jpeg 1024w, https:\/\/bekaspusztavadaszhaz.hu\/wp-content\/uploads\/2025\/03\/3-768x756.jpeg 768w, https:\/\/bekaspusztavadaszhaz.hu\/wp-content\/uploads\/2025\/03\/3-12x12.jpeg 12w\" sizes=\"auto, (max-width: 1536px) 100vw, 1536px\" \/>\t\t\t\t\t\t\t\t\t\t\t\t\t\t\t<\/div>\n\t\t\t\t<\/div>\n\t\t\t\t<div class=\"elementor-element elementor-element-202b300 elementor-widget elementor-widget-image\" data-id=\"202b300\" data-element_type=\"widget\" data-widget_type=\"image.default\">\n\t\t\t\t<div class=\"elementor-widget-container\">\n\t\t\t\t\t\t\t\t\t\t\t\t\t\t\t<img loading=\"lazy\" decoding=\"async\" width=\"800\" height=\"666\" src=\"https:\/\/bekaspusztavadaszhaz.hu\/wp-content\/uploads\/2025\/03\/6-1024x853.jpg\" class=\"attachment-large size-large wp-image-1837\" alt=\"\" srcset=\"https:\/\/bekaspusztavadaszhaz.hu\/wp-content\/uploads\/2025\/03\/6-1024x853.jpg 1024w, https:\/\/bekaspusztavadaszhaz.hu\/wp-content\/uploads\/2025\/03\/6-300x250.jpg 300w, https:\/\/bekaspusztavadaszhaz.hu\/wp-content\/uploads\/2025\/03\/6-768x640.jpg 768w, https:\/\/bekaspusztavadaszhaz.hu\/wp-content\/uploads\/2025\/03\/6-14x12.jpg 14w, https:\/\/bekaspusztavadaszhaz.hu\/wp-content\/uploads\/2025\/03\/6.jpg 1536w\" sizes=\"auto, (max-width: 800px) 100vw, 800px\" \/>\t\t\t\t\t\t\t\t\t\t\t\t\t\t\t<\/div>\n\t\t\t\t<\/div>\n\t\t\t\t\t<\/div>\n\t\t<\/div>\n\t\t\t\t\t\t\t<\/div>\n\t\t<\/section>\n\t\t\t\t\t<\/div>\n\t\t<\/div>\n\t\t\t\t\t\t\t<\/div>\n\t\t<\/section>\n\t\t\t\t<section class=\"elementor-section elementor-top-section elementor-element elementor-element-35d7618 elementor-section-height-min-height elementor-section-boxed elementor-section-height-default elementor-section-items-middle\" data-id=\"35d7618\" data-element_type=\"section\" data-settings=\"{&quot;background_background&quot;:&quot;classic&quot;}\">\n\t\t\t\t\t\t<div class=\"elementor-container elementor-column-gap-default\">\n\t\t\t\t\t<div class=\"elementor-column elementor-col-100 elementor-top-column elementor-element elementor-element-dd873e5\" data-id=\"dd873e5\" data-element_type=\"column\">\n\t\t\t<div class=\"elementor-widget-wrap elementor-element-populated\">\n\t\t\t\t\t\t\t\t<section class=\"elementor-section elementor-inner-section elementor-element elementor-element-313c62b elementor-section-boxed elementor-section-height-default elementor-section-height-default\" data-id=\"313c62b\" data-element_type=\"section\">\n\t\t\t\t\t\t<div class=\"elementor-container elementor-column-gap-default\">\n\t\t\t\t\t<div class=\"elementor-column elementor-col-50 elementor-inner-column elementor-element elementor-element-a867dea\" data-id=\"a867dea\" data-element_type=\"column\">\n\t\t\t<div class=\"elementor-widget-wrap elementor-element-populated\">\n\t\t\t\t\t\t\t\t<div class=\"elementor-element elementor-element-a596eb2 elementor-widget-divider--view-line elementor-widget elementor-widget-divider\" data-id=\"a596eb2\" data-element_type=\"widget\" data-widget_type=\"divider.default\">\n\t\t\t\t<div class=\"elementor-widget-container\">\n\t\t\t\t\t<div class=\"elementor-divider\">\n\t\t\t<span class=\"elementor-divider-separator\">\n\t\t\t\t\t\t<\/span>\n\t\t<\/div>\n\t\t\t\t<\/div>\n\t\t\t\t<\/div>\n\t\t\t\t<div class=\"elementor-element elementor-element-db77788 elementor-widget elementor-widget-heading\" data-id=\"db77788\" data-element_type=\"widget\" data-widget_type=\"heading.default\">\n\t\t\t\t<div class=\"elementor-widget-container\">\n\t\t\t<h2 class=\"elementor-heading-title elementor-size-default\">Events<\/h2>\t\t<\/div>\n\t\t\t\t<\/div>\n\t\t\t\t<div class=\"elementor-element elementor-element-cdd29e9 elementor-widget elementor-widget-text-editor\" data-id=\"cdd29e9\" data-element_type=\"widget\" data-widget_type=\"text-editor.default\">\n\t\t\t\t<div class=\"elementor-widget-container\">\n\t\t\t\t\t\t\t<p>In addition to relaxation and recreation, our hunting lodge is also an ideal venue for events.<\/p><p class=\" translation-block\">We are happy to organize small family gatherings (banquets, weddings, graduations), business\nmeetings, trainings, conferences and standing receptions.<\/p>\t\t\t\t\t\t<\/div>\n\t\t\t\t<\/div>\n\t\t\t\t\t<\/div>\n\t\t<\/div>\n\t\t\t\t<div class=\"elementor-column elementor-col-50 elementor-inner-column elementor-element elementor-element-a836252\" data-id=\"a836252\" data-element_type=\"column\">\n\t\t\t<div class=\"elementor-widget-wrap elementor-element-populated\">\n\t\t\t\t\t\t\t\t<div class=\"elementor-element elementor-element-54fa6d1 elementor-widget elementor-widget-heading\" data-id=\"54fa6d1\" data-element_type=\"widget\" data-widget_type=\"heading.default\">\n\t\t\t\t<div class=\"elementor-widget-container\">\n\t\t\t<h5 class=\"elementor-heading-title elementor-size-default\">For a unique offer, contact our colleague!<\/h5>\t\t<\/div>\n\t\t\t\t<\/div>\n\t\t\t\t<div class=\"elementor-element elementor-element-473c5bb elementor-widget elementor-widget-text-editor\" data-id=\"473c5bb\" data-element_type=\"widget\" data-widget_type=\"text-editor.default\">\n\t\t\t\t<div class=\"elementor-widget-container\">\n\t\t\t\t\t\t\t<h6>Spengler-Csernus Vikt\u00f3ria<\/h6><p><span style=\"color: #ed6f27;\">Hunting Office Manager<\/span><\/p><p><strong>MOBIL: <\/strong><a href=\"tel: 36204395143\">+36 (20) 439 &#8211; 5143<\/a><\/p><p><strong>E-MAIL:<\/strong> <a href=\"mailto:viktoria.spengler-csernus@boly.bonafarm.hu\">viktoria.spengler-csernus@boly.bonafarm.hu<\/a><\/p>\t\t\t\t\t\t<\/div>\n\t\t\t\t<\/div>\n\t\t\t\t\t<\/div>\n\t\t<\/div>\n\t\t\t\t\t\t\t<\/div>\n\t\t<\/section>\n\t\t\t\t\t<\/div>\n\t\t<\/div>\n\t\t\t\t\t\t\t<\/div>\n\t\t<\/section>\n\t\t\t\t\t\t\t<\/div>","protected":false},"excerpt":{"rendered":"<p>Sz\u00e1ll\u00e1s B\u00e9k\u00e1spuszta Vad\u00e1szh\u00e1z Els\u0151 oszt\u00e1ly\u00fa, sz\u00e1llodai sz\u00ednvonal\u00fa vad\u00e1szh\u00e1zunk ig\u00e9nyesen karbantartott, tizenh\u00e1rom hekt\u00e1ros parkban helyezkedik el, csendes, nyugodt k\u00f6rnyezetben.A kikapcsol\u00f3d\u00e1sra, pihen\u00e9sre is kiv\u00e1l\u00f3an alkalmas vad\u00e1szh\u00e1zban 4 db egy\u00e1gyas \u00e9s 9 db hangulatosan berendezett k\u00e9t\u00e1gyas szoba \u00e1ll vend\u00e9geink rendelkez\u00e9s\u00e9re. Szob\u00e1ink minib\u00e1rral, tv-vel, trezorral, kl\u00edm\u00e1val \u00e9s ingyenes internettel felszereltek. K\u00e9nyelmes \u00e9s hangulatos t\u00e1rsalg\u00f3 helyis\u00e9gek szolg\u00e1lj\u00e1k vend\u00e9geink k\u00e9nyelm\u00e9t. \u00c1rlista [&hellip;]<\/p>","protected":false},"author":2,"featured_media":0,"parent":0,"menu_order":0,"comment_status":"closed","ping_status":"closed","template":"","meta":{"footnotes":""},"class_list":["post-34","page","type-page","status-publish","hentry"],"_links":{"self":[{"href":"https:\/\/bekaspusztavadaszhaz.hu\/en\/wp-json\/wp\/v2\/pages\/34","targetHints":{"allow":["GET"]}}],"collection":[{"href":"https:\/\/bekaspusztavadaszhaz.hu\/en\/wp-json\/wp\/v2\/pages"}],"about":[{"href":"https:\/\/bekaspusztavadaszhaz.hu\/en\/wp-json\/wp\/v2\/types\/page"}],"author":[{"embeddable":true,"href":"https:\/\/bekaspusztavadaszhaz.hu\/en\/wp-json\/wp\/v2\/users\/2"}],"replies":[{"embeddable":true,"href":"https:\/\/bekaspusztavadaszhaz.hu\/en\/wp-json\/wp\/v2\/comments?post=34"}],"version-history":[{"count":6,"href":"https:\/\/bekaspusztavadaszhaz.hu\/en\/wp-json\/wp\/v2\/pages\/34\/revisions"}],"predecessor-version":[{"id":1931,"href":"https:\/\/bekaspusztavadaszhaz.hu\/en\/wp-json\/wp\/v2\/pages\/34\/revisions\/1931"}],"wp:attachment":[{"href":"https:\/\/bekaspusztavadaszhaz.hu\/en\/wp-json\/wp\/v2\/media?parent=34"}],"curies":[{"name":"wp","href":"https:\/\/api.w.org\/{rel}","templated":true}]}}